{"id":45,"date":"2017-07-02T22:32:24","date_gmt":"2017-07-02T20:32:24","guid":{"rendered":"http:\/\/34ppp.de\/katharina\/?page_id=45"},"modified":"2017-07-02T23:00:34","modified_gmt":"2017-07-02T21:00:34","slug":"ppp-cbyx","status":"publish","type":"page","link":"https:\/\/34ppp.de\/katharina\/ppp-cbyx\/","title":{"rendered":"PPP \/ CBYX"},"content":{"rendered":"<p><img decoding=\"async\" class=\"aligncenter\" src=\"http:\/\/33ppp.de\/makeajourney\/wp-content\/uploads\/sites\/22\/2016\/05\/logo_gross-300x200.jpg\" alt=\"logo_gross\" \/><\/p>\n<p>Das Parlamentarische Patenschafts- Programm (PPP) wurde zum 300. Jahrestag der ersten deutschen Einwanderung in die USA vom Kongress der Vereinigten Staaten und vom Deutschen Bundestag beschlossen. \u00a0Jedes Jahr werden Sch\u00fclern und jungen Berufst\u00e4tigen die M\u00f6glichkeit gegeben, \u00fcber das PPP ein Jahr in den USA zu verbringen. Im Gegenzug sind junge Amerikaner f\u00fcr ein Auslandsjahr zu Gast in Deutschland. (Das Programm f\u00fcr die Amerikanischen Teilnehmer hei\u00dft : Congress Bundestag Youth Exchange kurz CBYX) Mitglieder des Deutschen Bundestages \u00fcbernehmen f\u00fcr das Jahr die Patenschaft f\u00fcr jeweils einen Stipendiaten.<\/p>\n<p>Ziel des Programms ist es zwischenmenschliche Beziehungen und Netzwerke zu f\u00f6rdern, Vorurteile und Klischees abzubauen, kulturelle und politische Gemeinsamkeiten und Unterschiede kennenzulernen und zu verstehen.<\/p>\n<p>In der ersten H\u00e4lfte des Jahres gehen wir junge Berufst\u00e4tige auf das College und in der zweiten H\u00e4lfte sammeln wir Erfahrungen in einem berufsspezifischen Praktikum. W\u00e4hrend des Jahres leben wir in Gastfamilien oder in einem Studentenwohnheim.<\/p>\n<p>Weitere Informationen findet Ihr hier: \u00a0<a href=\"https:\/\/www.bundestag.de\/ppp\">https:\/\/www.bundestag.de\/ppp<\/a>\u00a0 \u00a0 \u00a0 \u00a0 \u00a0 \u00a0 \u00a0 \u00a0 \u00a0 \u00a0 \u00a0 \u00a0 \u00a0 \u00a0 \u00a0 \u00a0 \u00a0 \u00a0 \u00a0 \u00a0 \u00a0 \u00a0 \u00a0 \u00a0 \u00a0 \u00a0 \u00a0 \u00a0 \u00a0 \u00a0 \u00a0 \u00a0 \u00a0 \u00a0 \u00a0 \u00a0 \u00a0 \u00a0 \u00a0 \u00a0 \u00a0 \u00a0 \u00a0 \u00a0 http:\/\/usappp.de<\/p>\n","protected":false},"excerpt":{"rendered":"<p>Das Parlamentarische Patenschafts- Programm (PPP) wurde zum 300. Jahrestag der ersten deutschen Einwanderung in die USA vom Kongress der Vereinigten Staaten und vom Deutschen Bundestag beschlossen. \u00a0Jedes Jahr werden Sch\u00fclern und jungen Berufst\u00e4tigen die M\u00f6glichkeit gegeben, \u00fcber das PPP ein Jahr in den USA zu verbringen. Im Gegenzug sind junge Amerikaner f\u00fcr ein Auslandsjahr zu &hellip; <\/p>\n<p class=\"link-more\"><a href=\"https:\/\/34ppp.de\/katharina\/ppp-cbyx\/\" class=\"more-link\"><span class=\"screen-reader-text\">\u201ePPP \/ CBYX\u201c<\/span> weiterlesen<\/a><\/p>\n","protected":false},"author":15,"featured_media":0,"parent":0,"menu_order":0,"comment_status":"closed","ping_status":"closed","template":"","meta":{"footnotes":""},"class_list":["post-45","page","type-page","status-publish","hentry"],"_links":{"self":[{"href":"https:\/\/34ppp.de\/katharina\/wp-json\/wp\/v2\/pages\/45","targetHints":{"allow":["GET"]}}],"collection":[{"href":"https:\/\/34ppp.de\/katharina\/wp-json\/wp\/v2\/pages"}],"about":[{"href":"https:\/\/34ppp.de\/katharina\/wp-json\/wp\/v2\/types\/page"}],"author":[{"embeddable":true,"href":"https:\/\/34ppp.de\/katharina\/wp-json\/wp\/v2\/users\/15"}],"replies":[{"embeddable":true,"href":"https:\/\/34ppp.de\/katharina\/wp-json\/wp\/v2\/comments?post=45"}],"version-history":[{"count":3,"href":"https:\/\/34ppp.de\/katharina\/wp-json\/wp\/v2\/pages\/45\/revisions"}],"predecessor-version":[{"id":62,"href":"https:\/\/34ppp.de\/katharina\/wp-json\/wp\/v2\/pages\/45\/revisions\/62"}],"wp:attachment":[{"href":"https:\/\/34ppp.de\/katharina\/wp-json\/wp\/v2\/media?parent=45"}],"curies":[{"name":"wp","href":"https:\/\/api.w.org\/{rel}","templated":true}]}}