{"id":313,"date":"2017-08-15T22:39:39","date_gmt":"2017-08-15T20:39:39","guid":{"rendered":"http:\/\/34ppp.de\/moritzabroad\/?page_id=313"},"modified":"2018-04-21T22:16:41","modified_gmt":"2018-04-21T20:16:41","slug":"faq","status":"publish","type":"page","link":"https:\/\/34ppp.de\/moritzabroad\/faq\/","title":{"rendered":"FAQ"},"content":{"rendered":"<h1>FAQ<\/h1>\n<p><strong>Als was hast du in Deutschland gearbeitet?<\/strong><br \/>\n<em>Kaufmann im Gesundheitswesen.<\/em><\/p>\n<p><strong>Wie hast du vom PPP<\/strong> <strong>erfahren?<\/strong><br \/>\n<em>Es wurde ganz beil\u00e4ufig in meiner Berufsschule erw\u00e4hnt.<\/em><\/p>\n<p><strong>Wo bist du Platziert?<br \/>\n<\/strong><em>Chicago, ugf. in der N\u00e4he vom Wrigley Field.<\/em><\/p>\n<p><strong>Wer ist deine Gastfamilie in Chicago?<br \/>\n<\/strong><em>Ich hab zwei Gastv\u00e4ter, Victor <\/em>und<em> Bill.<\/em><\/p>\n<p><strong>Wie ist das Programm aufgebaut?<br \/>\n<\/strong><em>Ein halbes Jahr Studium im College oder University und ein halbes Jahr Internship im Unternehmen.<\/em><\/p>\n<p><strong>Was hast du\u00a0studiert?<br \/>\n<\/strong><em>Introduction To Business (BUS111)<\/em><br \/>\n<i>Fundamentals Of Accounting (BUS180)<\/i><em><br \/>\nCorporate Organisation: Understanding Business Processes (BUS281)<\/em><em><br \/>\nThe National Government (POLSCI201)<\/em><\/p>\n<p><strong>Wo hast du\u00a0studiert?<br \/>\n<\/strong><em>An den City Colleges of Chicago, Harold Washington Campus.<\/em><\/p>\n<p><strong>Wie war dein GPA?<br \/>\n<\/strong><em>3.75<\/em><\/p>\n<p><strong>Vermisst du deine Familie aus Deutschland?<br \/>\n<\/strong><em style=\"font-size: 1rem\">Na logisch.<\/em><strong><br \/>\n<\/strong><\/p>\n<p><strong>Hast du schon zugenommen?<br \/>\n<\/strong><em><del>Nein, verdammt, ich bin doch erst ne Woche hier.<\/del> vielleicht<\/em><strong><br \/>\n<\/strong><\/p>\n<p><strong>Wo machst du dein Internship?<br \/>\n<\/strong><em>Bei <\/em><em>HDI Global Insurance Company.<\/em><\/p>\n<p><strong>Was machst du bei HDI?<br \/>\n<\/strong><em>Ein Internship am Front Desk und im Accounting.<\/em><\/p>\n<p><strong>Was machst du, wenn du wieder in Deutschland bist?<br \/>\n<\/strong><em>Gute Frage.<\/em><strong><br \/>\n<\/strong><\/p>\n<p>&nbsp;<\/p>\n<p>&nbsp;<\/p>\n<div class=\"grammarly-disable-indicator\"><\/div>\n<div class=\"grammarly-disable-indicator\"><\/div>\n","protected":false},"excerpt":{"rendered":"<p>FAQ Als was hast du in Deutschland gearbeitet? Kaufmann im Gesundheitswesen. Wie hast du vom PPP erfahren? Es wurde ganz beil\u00e4ufig in meiner Berufsschule erw\u00e4hnt. Wo bist du Platziert? Chicago, ugf. in der N\u00e4he vom Wrigley Field. Wer ist deine Gastfamilie in Chicago? Ich hab zwei Gastv\u00e4ter, Victor und Bill. Wie ist das Programm aufgebaut? &hellip; <\/p>\n<p class=\"link-more\"><a href=\"https:\/\/34ppp.de\/moritzabroad\/faq\/\" class=\"more-link\"><span class=\"screen-reader-text\">\u201eFAQ\u201c<\/span> weiterlesen<\/a><\/p>\n","protected":false},"author":7,"featured_media":0,"parent":0,"menu_order":0,"comment_status":"closed","ping_status":"closed","template":"","meta":{"footnotes":""},"class_list":["post-313","page","type-page","status-publish","hentry"],"_links":{"self":[{"href":"https:\/\/34ppp.de\/moritzabroad\/wp-json\/wp\/v2\/pages\/313","targetHints":{"allow":["GET"]}}],"collection":[{"href":"https:\/\/34ppp.de\/moritzabroad\/wp-json\/wp\/v2\/pages"}],"about":[{"href":"https:\/\/34ppp.de\/moritzabroad\/wp-json\/wp\/v2\/types\/page"}],"author":[{"embeddable":true,"href":"https:\/\/34ppp.de\/moritzabroad\/wp-json\/wp\/v2\/users\/7"}],"replies":[{"embeddable":true,"href":"https:\/\/34ppp.de\/moritzabroad\/wp-json\/wp\/v2\/comments?post=313"}],"version-history":[{"count":20,"href":"https:\/\/34ppp.de\/moritzabroad\/wp-json\/wp\/v2\/pages\/313\/revisions"}],"predecessor-version":[{"id":863,"href":"https:\/\/34ppp.de\/moritzabroad\/wp-json\/wp\/v2\/pages\/313\/revisions\/863"}],"wp:attachment":[{"href":"https:\/\/34ppp.de\/moritzabroad\/wp-json\/wp\/v2\/media?parent=313"}],"curies":[{"name":"wp","href":"https:\/\/api.w.org\/{rel}","templated":true}]}}