{"id":73,"date":"2017-07-29T00:10:03","date_gmt":"2017-07-28T22:10:03","guid":{"rendered":"http:\/\/34ppp.de\/vanessa\/?page_id=73"},"modified":"2018-06-20T21:52:37","modified_gmt":"2018-06-20T19:52:37","slug":"auswahlseminar-in-bonn","status":"publish","type":"page","link":"https:\/\/34ppp.de\/vanessa\/wie-alles-began\/auswahlseminar-in-bonn\/","title":{"rendered":"2. Auswahlseminar in Bonn"},"content":{"rendered":"<p style=\"text-align: center\">An einem Tag, irgendwann Mitte Oktober 2016, kam der erste Brief der GIZ, mit der Einladung zum Auswahlseminar am 09. November 2016 nach Bonn. Ohne langen z\u00f6gern hatte ich den Termin best\u00e4tigt.<\/p>\n<p style=\"text-align: center\">Innerhalb der n\u00e4chsten ca. drei Wochen hatte ich mir also ein Hotelzimmer gebucht, um einen Tag vorher in Bonn anreisen zu k\u00f6nnen. Urlaub f\u00fcr diesen Tag hatte ich bereits genommen, da ich mich eigentlich ab dem 09. November intensiv auf die anstehenden schriftlichen Abschlusspr\u00fcfungen vorbereiten wollte &#8211; das musste dann wohl einen Tag warten.<\/p>\n<p style=\"text-align: center\">Also war ich am Dienstagnachmittag Richtung Bonn aufgebrochen.<br \/>\nAm Mittwochmorgen stand in der GIZ zuerst eine allgemeine Vorstellungsrunde aller Anwesenden, wie auch eine genauere Vorstellung des Programmes an. Ein weiteres gro\u00dfes Thema an diesem Tag war der, aus deutscher Sicht in der Nacht, neugew\u00e4hlte US-Pr\u00e4sident Donald Trump.<\/p>\n<p style=\"text-align: center\">Der erster Programmpunkt war eine Gruppenarbeit mit 3-4 Leuten. Dabei sollten wir eine kurze Pr\u00e4sentation, \u00fcber ein uns vorgegebenes Thema ausarbeiten und pr\u00e4sentieren.<br \/>\nF\u00fcr mir folgte danach, mit allen Teilnehmern zusammen einen Englisch- und Allgemeinwissenstest. Direkt danach ging es zum pers\u00f6nlichen Interview. Dort wurden verschiedene Fragen gestellt, zu meist auf meine Bewerbung bezogen. Ein kurzer Teil des Gespr\u00e4chs wurde auf Englisch gef\u00fchrt.<\/p>\n<p style=\"text-align: center\">Dies war der letzte Programmpunkt des Tages und ich konnte mich auf den Heimweg machen.<br \/>\nDieser Tag war f\u00fcr mich wirklich interessant, aber auch sehr aufregend gewesen. Ich wusste nicht was und wer mich erwarten wird. Aber jeder \u2013 die Organisatoren der GIZ, wie auch die anderen Kandidaten &#8211; war super freundlich und hilfsbereit.<\/p>\n","protected":false},"excerpt":{"rendered":"<p>An einem Tag, irgendwann Mitte Oktober 2016, kam der erste Brief der GIZ, mit der Einladung zum Auswahlseminar am 09. November 2016 nach Bonn. Ohne langen z\u00f6gern hatte ich den Termin best\u00e4tigt. Innerhalb der n\u00e4chsten ca. drei Wochen hatte ich mir also ein Hotelzimmer gebucht, um einen Tag vorher in Bonn anreisen zu k\u00f6nnen. Urlaub [&hellip;]<\/p>\n","protected":false},"author":18,"featured_media":0,"parent":63,"menu_order":0,"comment_status":"closed","ping_status":"closed","template":"","meta":{"footnotes":""},"class_list":["post-73","page","type-page","status-publish","hentry"],"_links":{"self":[{"href":"https:\/\/34ppp.de\/vanessa\/wp-json\/wp\/v2\/pages\/73","targetHints":{"allow":["GET"]}}],"collection":[{"href":"https:\/\/34ppp.de\/vanessa\/wp-json\/wp\/v2\/pages"}],"about":[{"href":"https:\/\/34ppp.de\/vanessa\/wp-json\/wp\/v2\/types\/page"}],"author":[{"embeddable":true,"href":"https:\/\/34ppp.de\/vanessa\/wp-json\/wp\/v2\/users\/18"}],"replies":[{"embeddable":true,"href":"https:\/\/34ppp.de\/vanessa\/wp-json\/wp\/v2\/comments?post=73"}],"version-history":[{"count":7,"href":"https:\/\/34ppp.de\/vanessa\/wp-json\/wp\/v2\/pages\/73\/revisions"}],"predecessor-version":[{"id":1177,"href":"https:\/\/34ppp.de\/vanessa\/wp-json\/wp\/v2\/pages\/73\/revisions\/1177"}],"up":[{"embeddable":true,"href":"https:\/\/34ppp.de\/vanessa\/wp-json\/wp\/v2\/pages\/63"}],"wp:attachment":[{"href":"https:\/\/34ppp.de\/vanessa\/wp-json\/wp\/v2\/media?parent=73"}],"curies":[{"name":"wp","href":"https:\/\/api.w.org\/{rel}","templated":true}]}}